{"id":4328,"date":"2020-06-16T13:52:47","date_gmt":"2020-06-16T11:52:47","guid":{"rendered":"http:\/\/www.fosforoscienza.it\/?page_id=4328"},"modified":"2023-05-09T10:02:45","modified_gmt":"2023-05-09T08:02:45","slug":"la-chimica-delle-cose-schifose","status":"publish","type":"page","link":"https:\/\/www.fosforoscienza.it\/index.php\/cosa-facciamo\/pubblicazioni\/la-chimica-delle-cose-schifose\/","title":{"rendered":"La chimica delle cose schifose"},"content":{"rendered":"<div class=\"wpb-content-wrapper\"><p>[vc_row][vc_column width=&#8221;3\/6&#8243;][vc_single_image image=&#8221;4295&#8243; img_size=&#8221;400&#215;400&#8243; alignment=&#8221;right&#8221; css=&#8221;.vc_custom_1592311300839{padding-top: 50px !important;padding-bottom: 30px !important;}&#8221;][\/vc_column][vc_column width=&#8221;2\/6&#8243;][vc_custom_heading text=&#8221;LA CHIMICA DELLE COSE SCHIFOSE&#8221; font_container=&#8221;tag:h3|text_align:left&#8221; use_theme_fonts=&#8221;yes&#8221;][vc_column_text]<em><strong>Autori:<\/strong> fosforo:<br \/>\n<strong>Illustrazioni:<\/strong> Rossella Trionfetti<\/em>[\/vc_column_text][vc_column_text]<em><strong>Edito da:<\/strong> White Star Kids<\/em>[\/vc_column_text][vc_column_text css=&#8221;.vc_custom_1619435984117{padding-top: 20px !important;padding-bottom: 20px !important;}&#8221;]L&#8217;apprendimento viene meglio attraverso l&#8217;esperienza, ancora meglio se i bambini possono farlo a casa. Con ingredienti semplici e facili da trovare i bambini sveleranno i segreti della scienza attraverso pratiche divertenti e reali. Due personaggi accompagneranno i bambini in questa serie colorata: il Professore insegner\u00e0 loro la spiegazione scientifica e il Piccolo Robot li guider\u00e0 nella pratica. Per ogni esperimento c&#8217;\u00e8 anche un &#8220;misuratore di disordine&#8221; per far sapere ai genitori quanto pu\u00f2 essere complicato l&#8217;esperimento!<\/p>\n<p><em>Il libro fa parte della collana &#8220;Let&#8217;s Experiment!&#8221;<\/em>[\/vc_column_text][vc_column_text css=&#8221;.vc_custom_1592311019917{padding-bottom: 20px !important;}&#8221;]<em>Puoi acquistarlo su Amazon <a href=\"https:\/\/www.amazon.it\/Chemistry-Disgusting-Things-Lets-Experiment\/dp\/8854417270\/ref=sr_1_1?__mk_it_IT=%C3%85M%C3%85%C5%BD%C3%95%C3%91&amp;dchild=1&amp;keywords=let%27s+experiment+chemistry&amp;qid=1592305682&amp;s=books&amp;sr=1-1\">CLICCANDO QUI<\/a>! ??<\/em>[\/vc_column_text][\/vc_column][vc_column width=&#8221;1\/6&#8243;][\/vc_column][\/vc_row]<\/p>\n<\/div>","protected":false},"excerpt":{"rendered":"<p>[vc_row][vc_column width=&#8221;3\/6&#8243;][vc_single_image image=&#8221;4295&#8243; img_size=&#8221;400&#215;400&#8243; alignment=&#8221;right&#8221; css=&#8221;.vc_custom_1592311300839{padding-top: 50px !important;padding-bottom: 30px !important;}&#8221;][\/vc_column][vc_column width=&#8221;2\/6&#8243;][vc_custom_heading text=&#8221;LA CHIMICA DELLE COSE SCHIFOSE&#8221; font_container=&#8221;tag:h3|text_align:left&#8221; use_theme_fonts=&#8221;yes&#8221;][vc_column_text]Autori: fosforo: Illustrazioni: Rossella Trionfetti[\/vc_column_text][vc_column_text]Edito da: White Star Kids[\/vc_column_text][vc_column_text css=&#8221;.vc_custom_1619435984117{padding-top: 20px !important;padding-bottom: 20px !important;}&#8221;]L&#8217;apprendimento viene meglio attraverso l&#8217;esperienza, ancora meglio se i bambini possono farlo a casa. Con ingredienti semplici e facili da trovare i bambini sveleranno i&hellip;<\/p>\n","protected":false},"author":1,"featured_media":0,"parent":4256,"menu_order":0,"comment_status":"closed","ping_status":"closed","template":"","meta":{"_monsterinsights_skip_tracking":false,"_monsterinsights_sitenote_active":false,"_monsterinsights_sitenote_note":"","_monsterinsights_sitenote_category":0,"footnotes":""},"class_list":["post-4328","page","type-page","status-publish","hentry","description-off"],"_links":{"self":[{"href":"https:\/\/www.fosforoscienza.it\/index.php\/wp-json\/wp\/v2\/pages\/4328","targetHints":{"allow":["GET"]}}],"collection":[{"href":"https:\/\/www.fosforoscienza.it\/index.php\/wp-json\/wp\/v2\/pages"}],"about":[{"href":"https:\/\/www.fosforoscienza.it\/index.php\/wp-json\/wp\/v2\/types\/page"}],"author":[{"embeddable":true,"href":"https:\/\/www.fosforoscienza.it\/index.php\/wp-json\/wp\/v2\/users\/1"}],"replies":[{"embeddable":true,"href":"https:\/\/www.fosforoscienza.it\/index.php\/wp-json\/wp\/v2\/comments?post=4328"}],"version-history":[{"count":8,"href":"https:\/\/www.fosforoscienza.it\/index.php\/wp-json\/wp\/v2\/pages\/4328\/revisions"}],"predecessor-version":[{"id":6110,"href":"https:\/\/www.fosforoscienza.it\/index.php\/wp-json\/wp\/v2\/pages\/4328\/revisions\/6110"}],"up":[{"embeddable":true,"href":"https:\/\/www.fosforoscienza.it\/index.php\/wp-json\/wp\/v2\/pages\/4256"}],"wp:attachment":[{"href":"https:\/\/www.fosforoscienza.it\/index.php\/wp-json\/wp\/v2\/media?parent=4328"}],"curies":[{"name":"wp","href":"https:\/\/api.w.org\/{rel}","templated":true}]}}