{"id":5524,"date":"2020-10-02T11:42:23","date_gmt":"2020-10-02T09:42:23","guid":{"rendered":"http:\/\/www.fosforoscienza.it\/?page_id=5524"},"modified":"2023-05-09T10:10:57","modified_gmt":"2023-05-09T08:10:57","slug":"eventi-in-programma","status":"publish","type":"page","link":"https:\/\/www.fosforoscienza.it\/index.php\/cosa-facciamo\/eventi-generico\/eventi-in-programma\/","title":{"rendered":"EVENTI IN PROGRAMMA"},"content":{"rendered":"<div class=\"wpb-content-wrapper\"><p>[vc_row css=&#8221;.vc_custom_1569323036084{padding-bottom: 100px !important;}&#8221;][vc_column width=&#8221;1\/2&#8243;][\/vc_column][vc_column width=&#8221;1\/2&#8243;]<div id=\"ultimate-heading-705369f5b1dfbb17f\" class=\"uvc-heading ult-adjust-bottom-margin ultimate-heading-705369f5b1dfbb17f uvc-4139 accent-border-color\" data-hspacer=\"line_only\"  data-halign=\"right\" style=\"text-align:right\"><div class=\"uvc-main-heading ult-responsive\"  data-ultimate-target='.uvc-heading.ultimate-heading-705369f5b1dfbb17f h5'  data-responsive-json-new='{\"font-size\":\"desktop:30px;\",\"line-height\":\"desktop:46px;\"}' ><h5 style=\"font-weight:bold;margin-bottom:15px;\">Eventi in programma<\/h5><\/div><div class=\"uvc-heading-spacer line_only\" style=\"topheight:5px;\"><span class=\"uvc-headings-line\" style=\"border-style:solid;border-bottom-width:5px;border-color:;width:200px;\"><\/span><\/div><\/div>[vc_column_text css=&#8221;.vc_custom_1601631907642{padding-top: 30px !important;}&#8221;]<\/p>\n<p style=\"text-align: right;\">Scopri i prossimi appuntamenti con la scienza!<\/p>\n<p>[\/vc_column_text][\/vc_column][\/vc_row][vc_row css=&#8221;.vc_custom_1601634399851{padding-top: 15px !important;padding-bottom: 30px !important;}&#8221;][vc_column width=&#8221;1\/3&#8243;][vc_single_image image=&#8221;4772&#8243; img_size=&#8221;large&#8221; alignment=&#8221;center&#8221; onclick=&#8221;img_link_large&#8221; image_hovers=&#8221;false&#8221;][\/vc_column][vc_column width=&#8221;1\/3&#8243;][vc_single_image image=&#8221;3561&#8243; img_size=&#8221;large&#8221; alignment=&#8221;center&#8221; onclick=&#8221;img_link_large&#8221; image_hovers=&#8221;false&#8221;][\/vc_column][vc_column width=&#8221;1\/3&#8243;][vc_single_image image=&#8221;5529&#8243; img_size=&#8221;large&#8221; alignment=&#8221;center&#8221; onclick=&#8221;img_link_large&#8221; image_hovers=&#8221;false&#8221;][\/vc_column][\/vc_row][vc_row css=&#8221;.vc_custom_1573755206456{padding-top: 15px !important;padding-bottom: 15px !important;}&#8221;][vc_column width=&#8221;1\/3&#8243;]<div id=\"ultimate-heading-979869f5b1dfbb1ed\" class=\"uvc-heading ult-adjust-bottom-margin ultimate-heading-979869f5b1dfbb1ed uvc-7136  uvc-heading-default-font-sizes\" data-hspacer=\"no_spacer\"  data-halign=\"center\" style=\"text-align:center\"><div class=\"uvc-heading-spacer no_spacer\" style=\"top\"><\/div><div class=\"uvc-main-heading ult-responsive\"  data-ultimate-target='.uvc-heading.ultimate-heading-979869f5b1dfbb1ed h3'  data-responsive-json-new='{\"font-size\":\"\",\"line-height\":\"\"}' ><h3 style=\"--font-weight:theme;margin-bottom:20px;\">Escape room: Fuga dalla Rocca<\/h3><\/div><div class=\"uvc-sub-heading ult-responsive\"  data-ultimate-target='.uvc-heading.ultimate-heading-979869f5b1dfbb1ed .uvc-sub-heading '  data-responsive-json-new='{\"font-size\":\"\",\"line-height\":\"\"}'  style=\"font-weight:normal;margin-bottom:30px;\"><em><strong>Quando:<\/strong> Sabato 31 ottobre 2020<\/em><br \/>\n<em><strong>Dove<\/strong>: Rocca Roveresca, Senigallia<\/em><br \/>\n<em><strong>A chi \u00e8 rivolto<\/strong>: pubblico generico<\/em><\/div><\/div>[vc_column_text css=&#8221;.vc_custom_1601634095044{padding-bottom: 20px !important;}&#8221;]<i>Una escape room pensata appositamente per essere giocata in tempi di covid. Scansionando dei qr code, un bot di telegram guider\u00e0 il giocatore nella partita, in cui avr\u00e0 40 minuti di tempo per riuscire a risolvere l&#8217;enigma e aiutare Giovanna da Montefeltro a fuggire dalla citt\u00e0.<br \/>\nMax di giocatori per ogni turno: 4 persone.<\/i>[\/vc_column_text][vc_btn title=&#8221;Prenota!&#8221; color=&#8221;sky&#8221; align=&#8221;center&#8221; link=&#8221;url:https%3A%2F%2Fprenotazioni.fosforoscienza.it%2F|||&#8221; css=&#8221;.vc_custom_1601656716432{padding-top: 30px !important;}&#8221;][\/vc_column][vc_column width=&#8221;1\/3&#8243;]<div id=\"ultimate-heading-686669f5b1dfbb242\" class=\"uvc-heading ult-adjust-bottom-margin ultimate-heading-686669f5b1dfbb242 uvc-1049  uvc-heading-default-font-sizes\" data-hspacer=\"no_spacer\"  data-halign=\"center\" style=\"text-align:center\"><div class=\"uvc-heading-spacer no_spacer\" style=\"top\"><\/div><div class=\"uvc-main-heading ult-responsive\"  data-ultimate-target='.uvc-heading.ultimate-heading-686669f5b1dfbb242 h3'  data-responsive-json-new='{\"font-size\":\"\",\"line-height\":\"\"}' ><h3 style=\"--font-weight:theme;margin-bottom:20px;\">ACQUA - mostra e laboratorio<\/h3><\/div><div class=\"uvc-sub-heading ult-responsive\"  data-ultimate-target='.uvc-heading.ultimate-heading-686669f5b1dfbb242 .uvc-sub-heading '  data-responsive-json-new='{\"font-size\":\"\",\"line-height\":\"\"}'  style=\"font-weight:normal;margin-bottom:30px;\"><em><strong>Quando<\/strong>: tutte le domenica dal 18 ottobre al 20 dicembre 2020<\/em><br \/>\n<em><strong>Dove<\/strong>: Rocca Roveresca, Senigallia<\/em><br \/>\n<em><strong>A chi \u00e8 rivolto<\/strong>: famiglie<\/em><\/div><\/div>[vc_column_text css=&#8221;.vc_custom_1601633560531{padding-bottom: 20px !important;}&#8221;]<i>L&#8217;attivit\u00e0 prevede una visita guidata della mostra ACQUA (<a href=\"https:\/\/www.fosforoscienza.it\/index.php\/mostre-interattive\/\">scopri di pi\u00f9<\/a>) accompagnati da un animatore scientifico e a seguire un laboratorio didattico sull&#8217;acqua.<br \/>\nLa visita e il laboratorio sono gratuiti, ma \u00e8 necessario pagare il biglietto di ingresso della Rocca.<\/i>[\/vc_column_text][vc_btn title=&#8221;Prenota!&#8221; color=&#8221;sky&#8221; align=&#8221;center&#8221; link=&#8221;url:https%3A%2F%2Fprenotazioni.fosforoscienza.it%2F|||&#8221; css=&#8221;.vc_custom_1601656716432{padding-top: 30px !important;}&#8221;][\/vc_column][vc_column width=&#8221;1\/3&#8243;]<div id=\"ultimate-heading-490769f5b1dfbb28f\" class=\"uvc-heading ult-adjust-bottom-margin ultimate-heading-490769f5b1dfbb28f uvc-9028  uvc-heading-default-font-sizes\" data-hspacer=\"no_spacer\"  data-halign=\"center\" style=\"text-align:center\"><div class=\"uvc-heading-spacer no_spacer\" style=\"top\"><\/div><div class=\"uvc-main-heading ult-responsive\"  data-ultimate-target='.uvc-heading.ultimate-heading-490769f5b1dfbb28f h3'  data-responsive-json-new='{\"font-size\":\"\",\"line-height\":\"\"}' ><h3 style=\"--font-weight:theme;margin-bottom:20px;\">CrEsco - progetto EDUcare<\/h3><\/div><div class=\"uvc-sub-heading ult-responsive\"  data-ultimate-target='.uvc-heading.ultimate-heading-490769f5b1dfbb28f .uvc-sub-heading '  data-responsive-json-new='{\"font-size\":\"\",\"line-height\":\"\"}'  style=\"font-weight:normal;margin-bottom:30px;\"><em><strong>Quando<\/strong>: in definizione (inverno 2020 &#8211; primavera 2021)<\/em><br \/>\n<em><strong>Dove<\/strong>: Casa San Benedetto \/ Bosco Mio, Senigallia<\/em><br \/>\n<em><strong>A chi \u00e8 rivolto<\/strong>: dal luned\u00ec al venerd\u00ec per le scuole, due weekend al mese per le famiglie<\/em><\/div><\/div>[vc_column_text css=&#8221;.vc_custom_1601633722420{padding-bottom: 20px !important;}&#8221;]<em><span style=\"font-weight: 400;\">CrEsco \u00e8 parte del progetto ministeriale EduCare. Un bosco urbano, alla periferia della citt\u00e0, che ospita un apiario, un laghetto e un erbario, in un percorso immerso nella natura, sar\u00e0 lo scenario di <\/span><b>attivit\u00e0 didattiche<\/b><span style=\"font-weight: 400;\"> create per studenti delle scuole di ogni ordine e grado e per le famiglie.<br \/>\n<\/span><\/em>[\/vc_column_text][\/vc_column][\/vc_row]<\/p>\n<\/div>","protected":false},"excerpt":{"rendered":"<p>[vc_row css=&#8221;.vc_custom_1569323036084{padding-bottom: 100px !important;}&#8221;][vc_column width=&#8221;1\/2&#8243;][\/vc_column][vc_column width=&#8221;1\/2&#8243;][vc_column_text css=&#8221;.vc_custom_1601631907642{padding-top: 30px !important;}&#8221;] Scopri i prossimi appuntamenti con la scienza! [\/vc_column_text][\/vc_column][\/vc_row][vc_row css=&#8221;.vc_custom_1601634399851{padding-top: 15px !important;padding-bottom: 30px !important;}&#8221;][vc_column width=&#8221;1\/3&#8243;][vc_single_image image=&#8221;4772&#8243; img_size=&#8221;large&#8221; alignment=&#8221;center&#8221; onclick=&#8221;img_link_large&#8221; image_hovers=&#8221;false&#8221;][\/vc_column][vc_column width=&#8221;1\/3&#8243;][vc_single_image image=&#8221;3561&#8243; img_size=&#8221;large&#8221; alignment=&#8221;center&#8221; onclick=&#8221;img_link_large&#8221; image_hovers=&#8221;false&#8221;][\/vc_column][vc_column width=&#8221;1\/3&#8243;][vc_single_image image=&#8221;5529&#8243; img_size=&#8221;large&#8221; alignment=&#8221;center&#8221; onclick=&#8221;img_link_large&#8221; image_hovers=&#8221;false&#8221;][\/vc_column][\/vc_row][vc_row css=&#8221;.vc_custom_1573755206456{padding-top: 15px !important;padding-bottom: 15px !important;}&#8221;][vc_column width=&#8221;1\/3&#8243;][vc_column_text css=&#8221;.vc_custom_1601634095044{padding-bottom: 20px !important;}&#8221;]Una escape room pensata appositamente per essere&hellip;<\/p>\n","protected":false},"author":1,"featured_media":0,"parent":3033,"menu_order":0,"comment_status":"closed","ping_status":"closed","template":"","meta":{"_monsterinsights_skip_tracking":false,"_monsterinsights_sitenote_active":false,"_monsterinsights_sitenote_note":"","_monsterinsights_sitenote_category":0,"footnotes":""},"class_list":["post-5524","page","type-page","status-publish","hentry","description-off"],"_links":{"self":[{"href":"https:\/\/www.fosforoscienza.it\/index.php\/wp-json\/wp\/v2\/pages\/5524","targetHints":{"allow":["GET"]}}],"collection":[{"href":"https:\/\/www.fosforoscienza.it\/index.php\/wp-json\/wp\/v2\/pages"}],"about":[{"href":"https:\/\/www.fosforoscienza.it\/index.php\/wp-json\/wp\/v2\/types\/page"}],"author":[{"embeddable":true,"href":"https:\/\/www.fosforoscienza.it\/index.php\/wp-json\/wp\/v2\/users\/1"}],"replies":[{"embeddable":true,"href":"https:\/\/www.fosforoscienza.it\/index.php\/wp-json\/wp\/v2\/comments?post=5524"}],"version-history":[{"count":9,"href":"https:\/\/www.fosforoscienza.it\/index.php\/wp-json\/wp\/v2\/pages\/5524\/revisions"}],"predecessor-version":[{"id":5547,"href":"https:\/\/www.fosforoscienza.it\/index.php\/wp-json\/wp\/v2\/pages\/5524\/revisions\/5547"}],"up":[{"embeddable":true,"href":"https:\/\/www.fosforoscienza.it\/index.php\/wp-json\/wp\/v2\/pages\/3033"}],"wp:attachment":[{"href":"https:\/\/www.fosforoscienza.it\/index.php\/wp-json\/wp\/v2\/media?parent=5524"}],"curies":[{"name":"wp","href":"https:\/\/api.w.org\/{rel}","templated":true}]}}