{"id":6087,"date":"2021-04-26T13:06:49","date_gmt":"2021-04-26T11:06:49","guid":{"rendered":"http:\/\/www.fosforoscienza.it\/?page_id=6087"},"modified":"2023-05-09T10:02:41","modified_gmt":"2023-05-09T08:02:41","slug":"equisauri-e-pteuromisure-2","status":"publish","type":"page","link":"https:\/\/www.fosforoscienza.it\/index.php\/cosa-facciamo\/pubblicazioni\/equisauri-e-pteuromisure-2\/","title":{"rendered":"Equisauri e pteuromisure"},"content":{"rendered":"<div class=\"wpb-content-wrapper\"><p>[vc_row][vc_column width=&#8221;3\/6&#8243;][vc_single_image image=&#8221;6081&#8243; img_size=&#8221;400&#215;400&#8243; alignment=&#8221;right&#8221; css=&#8221;.vc_custom_1619435303682{padding-top: 50px !important;padding-bottom: 30px !important;}&#8221;][\/vc_column][vc_column width=&#8221;2\/6&#8243;][vc_custom_heading text=&#8221;EQUISAURI E PTEUROMISURE&#8221; font_container=&#8221;tag:h3|text_align:left&#8221; use_theme_fonts=&#8221;yes&#8221;][vc_column_text]<em><strong>Autori:<\/strong> fosforo:<br \/>\n<strong>Illustrazioni:<\/strong> Agnese Baruzzi<\/em>[\/vc_column_text][vc_column_text]<em><strong>Edito da:<\/strong> White Star Kids<\/em>[\/vc_column_text][vc_column_text css=&#8221;.vc_custom_1619435954385{padding-top: 20px !important;padding-bottom: 20px !important;}&#8221;]Unit\u00e0 di misura ed equivalenze fanno pi\u00f9 paura di affrontare un tirannosauro? Nessun problema! Grazie a questo nuovo titolo della serie Pazzi per la matematica, i bambini della scuola primaria potranno esercitarsi con i sistemi di misura e le equivalenze, proprio in compagnia dei dinosauri! Attraverso una serie di attivit\u00e0 divertenti e stimolanti, ordinate secondo difficolt\u00e0 crescente, i piccoli potranno misurare il collo di un brontosauro o pesare un triceratopo, giocando a confrontarsi con i concetti di lunghezza, peso e capacit\u00e0, le loro unit\u00e0 di misura, le operazioni e le equivalenze. Et\u00e0 di lettura: da 8 anni.<\/p>\n<p><em>Il libro fa parte della collana &#8220;Pazzi per la matematica!&#8221;<\/em>[\/vc_column_text][vc_column_text css=&#8221;.vc_custom_1619435381981{padding-bottom: 20px !important;}&#8221;]<em>Puoi acquistarlo su Amazon <a href=\"https:\/\/amzn.to\/3sGGVVH\">CLICCANDO QUI<\/a>! ??<\/em>[\/vc_column_text][\/vc_column][vc_column width=&#8221;1\/6&#8243;][\/vc_column][\/vc_row]<\/p>\n<\/div>","protected":false},"excerpt":{"rendered":"<p>[vc_row][vc_column width=&#8221;3\/6&#8243;][vc_single_image image=&#8221;6081&#8243; img_size=&#8221;400&#215;400&#8243; alignment=&#8221;right&#8221; css=&#8221;.vc_custom_1619435303682{padding-top: 50px !important;padding-bottom: 30px !important;}&#8221;][\/vc_column][vc_column width=&#8221;2\/6&#8243;][vc_custom_heading text=&#8221;EQUISAURI E PTEUROMISURE&#8221; font_container=&#8221;tag:h3|text_align:left&#8221; use_theme_fonts=&#8221;yes&#8221;][vc_column_text]Autori: fosforo: Illustrazioni: Agnese Baruzzi[\/vc_column_text][vc_column_text]Edito da: White Star Kids[\/vc_column_text][vc_column_text css=&#8221;.vc_custom_1619435954385{padding-top: 20px !important;padding-bottom: 20px !important;}&#8221;]Unit\u00e0 di misura ed equivalenze fanno pi\u00f9 paura di affrontare un tirannosauro? Nessun problema! Grazie a questo nuovo titolo della serie Pazzi per la matematica, i bambini&hellip;<\/p>\n","protected":false},"author":1,"featured_media":0,"parent":4256,"menu_order":0,"comment_status":"closed","ping_status":"closed","template":"","meta":{"_monsterinsights_skip_tracking":false,"_monsterinsights_sitenote_active":false,"_monsterinsights_sitenote_note":"","_monsterinsights_sitenote_category":0,"footnotes":""},"class_list":["post-6087","page","type-page","status-publish","hentry","description-off"],"_links":{"self":[{"href":"https:\/\/www.fosforoscienza.it\/index.php\/wp-json\/wp\/v2\/pages\/6087","targetHints":{"allow":["GET"]}}],"collection":[{"href":"https:\/\/www.fosforoscienza.it\/index.php\/wp-json\/wp\/v2\/pages"}],"about":[{"href":"https:\/\/www.fosforoscienza.it\/index.php\/wp-json\/wp\/v2\/types\/page"}],"author":[{"embeddable":true,"href":"https:\/\/www.fosforoscienza.it\/index.php\/wp-json\/wp\/v2\/users\/1"}],"replies":[{"embeddable":true,"href":"https:\/\/www.fosforoscienza.it\/index.php\/wp-json\/wp\/v2\/comments?post=6087"}],"version-history":[{"count":3,"href":"https:\/\/www.fosforoscienza.it\/index.php\/wp-json\/wp\/v2\/pages\/6087\/revisions"}],"predecessor-version":[{"id":6107,"href":"https:\/\/www.fosforoscienza.it\/index.php\/wp-json\/wp\/v2\/pages\/6087\/revisions\/6107"}],"up":[{"embeddable":true,"href":"https:\/\/www.fosforoscienza.it\/index.php\/wp-json\/wp\/v2\/pages\/4256"}],"wp:attachment":[{"href":"https:\/\/www.fosforoscienza.it\/index.php\/wp-json\/wp\/v2\/media?parent=6087"}],"curies":[{"name":"wp","href":"https:\/\/api.w.org\/{rel}","templated":true}]}}