{"id":6093,"date":"2021-04-26T13:07:52","date_gmt":"2021-04-26T11:07:52","guid":{"rendered":"http:\/\/www.fosforoscienza.it\/?page_id=6093"},"modified":"2023-05-09T10:02:45","modified_gmt":"2023-05-09T08:02:45","slug":"virus-non-avere-paura","status":"publish","type":"page","link":"https:\/\/www.fosforoscienza.it\/index.php\/cosa-facciamo\/pubblicazioni\/virus-non-avere-paura\/","title":{"rendered":"Virus &#8211; Non avere paura"},"content":{"rendered":"<div class=\"wpb-content-wrapper\"><p>[vc_row][vc_column width=&#8221;3\/6&#8243;][vc_single_image image=&#8221;5983&#8243; img_size=&#8221;400&#215;400&#8243; alignment=&#8221;right&#8221; css=&#8221;.vc_custom_1619435716469{padding-top: 50px !important;padding-bottom: 30px !important;}&#8221;][\/vc_column][vc_column width=&#8221;2\/6&#8243;][vc_custom_heading text=&#8221;VIRUS&#8221; font_container=&#8221;tag:h3|text_align:left&#8221; use_theme_fonts=&#8221;yes&#8221;][vc_column_text]<em><strong>Autori:<\/strong> fosforo:<br \/>\n<strong>Illustrazioni:<\/strong> Victor Medina\u00a0<\/em>[\/vc_column_text][vc_column_text]<em><strong>Edito da:<\/strong> White Star Kids<\/em>[\/vc_column_text][vc_column_text css=&#8221;.vc_custom_1619435743166{padding-top: 20px !important;padding-bottom: 20px !important;}&#8221;]Attraverso disegni coloratissimi e testi semplici e divertenti, questo volume offre ai pi\u00f9 piccoli uno strumento prezioso per affrontare un argomento pi\u00f9 che mai attuale: i virus. Accompagnati dalla voce narrante del virus Osvaldo, i bambini potranno scoprire che cosa sono e che cosa fanno i virus, e quali comportamenti adottare per limitarne la diffusione. Le parole e le illustrazioni veicolano informazioni scientifiche con leggerezza e ironia, per renderle immediate e comprensibili e aiutare cos\u00ec i bambini, in questo momento cos\u00ec delicato, a combattere la paura con la conoscenza. Et\u00e0 di lettura: da 6 anni.<\/p>\n<p><em>Il libro fa parte della collana &#8220;Non avere paura&#8221;<\/em>[\/vc_column_text][vc_column_text css=&#8221;.vc_custom_1619435780213{padding-bottom: 20px !important;}&#8221;]<em>Puoi acquistarlo su Amazon <a href=\"https:\/\/www.amazon.it\/Electricity-Magnetism-Experiment-Mattia-Crivellini\/dp\/8854417297\/ref=sr_1_1?__mk_it_IT=%C3%85M%C3%85%C5%BD%C3%95%C3%91&amp;dchild=1&amp;keywords=let%27s+experiment+electricity&amp;qid=1592305660&amp;s=books&amp;sr=1-1\">CLICCANDO QUI<\/a>! ??<\/em>[\/vc_column_text][\/vc_column][vc_column width=&#8221;1\/6&#8243;][\/vc_column][\/vc_row]<\/p>\n<\/div>","protected":false},"excerpt":{"rendered":"<p>[vc_row][vc_column width=&#8221;3\/6&#8243;][vc_single_image image=&#8221;5983&#8243; img_size=&#8221;400&#215;400&#8243; alignment=&#8221;right&#8221; css=&#8221;.vc_custom_1619435716469{padding-top: 50px !important;padding-bottom: 30px !important;}&#8221;][\/vc_column][vc_column width=&#8221;2\/6&#8243;][vc_custom_heading text=&#8221;VIRUS&#8221; font_container=&#8221;tag:h3|text_align:left&#8221; use_theme_fonts=&#8221;yes&#8221;][vc_column_text]Autori: fosforo: Illustrazioni: Victor Medina\u00a0[\/vc_column_text][vc_column_text]Edito da: White Star Kids[\/vc_column_text][vc_column_text css=&#8221;.vc_custom_1619435743166{padding-top: 20px !important;padding-bottom: 20px !important;}&#8221;]Attraverso disegni coloratissimi e testi semplici e divertenti, questo volume offre ai pi\u00f9 piccoli uno strumento prezioso per affrontare un argomento pi\u00f9 che mai attuale: i virus. Accompagnati dalla&hellip;<\/p>\n","protected":false},"author":1,"featured_media":0,"parent":4256,"menu_order":0,"comment_status":"closed","ping_status":"closed","template":"","meta":{"_monsterinsights_skip_tracking":false,"_monsterinsights_sitenote_active":false,"_monsterinsights_sitenote_note":"","_monsterinsights_sitenote_category":0,"footnotes":""},"class_list":["post-6093","page","type-page","status-publish","hentry","description-off"],"_links":{"self":[{"href":"https:\/\/www.fosforoscienza.it\/index.php\/wp-json\/wp\/v2\/pages\/6093","targetHints":{"allow":["GET"]}}],"collection":[{"href":"https:\/\/www.fosforoscienza.it\/index.php\/wp-json\/wp\/v2\/pages"}],"about":[{"href":"https:\/\/www.fosforoscienza.it\/index.php\/wp-json\/wp\/v2\/types\/page"}],"author":[{"embeddable":true,"href":"https:\/\/www.fosforoscienza.it\/index.php\/wp-json\/wp\/v2\/users\/1"}],"replies":[{"embeddable":true,"href":"https:\/\/www.fosforoscienza.it\/index.php\/wp-json\/wp\/v2\/comments?post=6093"}],"version-history":[{"count":2,"href":"https:\/\/www.fosforoscienza.it\/index.php\/wp-json\/wp\/v2\/pages\/6093\/revisions"}],"predecessor-version":[{"id":6100,"href":"https:\/\/www.fosforoscienza.it\/index.php\/wp-json\/wp\/v2\/pages\/6093\/revisions\/6100"}],"up":[{"embeddable":true,"href":"https:\/\/www.fosforoscienza.it\/index.php\/wp-json\/wp\/v2\/pages\/4256"}],"wp:attachment":[{"href":"https:\/\/www.fosforoscienza.it\/index.php\/wp-json\/wp\/v2\/media?parent=6093"}],"curies":[{"name":"wp","href":"https:\/\/api.w.org\/{rel}","templated":true}]}}