{"id":6872,"date":"2021-10-25T12:52:29","date_gmt":"2021-10-25T10:52:29","guid":{"rendered":"http:\/\/www.fosforoscienza.it\/?page_id=6872"},"modified":"2021-10-27T12:02:55","modified_gmt":"2021-10-27T10:02:55","slug":"le-torri-di-hanoi","status":"publish","type":"page","link":"https:\/\/www.fosforoscienza.it\/index.php\/le-torri-di-hanoi\/","title":{"rendered":"Le Torri di Hanoi"},"content":{"rendered":"<div class=\"wpb-content-wrapper\"><p>[vc_row type=&#8221;vc_default&#8221; css=&#8221;.vc_custom_1476008791393{padding-top: 70px !important;padding-bottom: 25px !important;}&#8221;][vc_column width=&#8221;1\/3&#8243;]<style type=\"text\/css\" data-type=\"the7_shortcodes-inline-css\">.shortcode-single-image-wrap.shortcode-single-image-c4ee23bbbb5c3539d3887c5f0e3329b9.enable-bg-rollover .rollover i,\n.shortcode-single-image-wrap.shortcode-single-image-c4ee23bbbb5c3539d3887c5f0e3329b9.enable-bg-rollover .rollover-video i {\n  background: ;\n  background: -webkit-linear-gradient();\n  background: linear-gradient();\n}\n.shortcode-single-image-wrap.shortcode-single-image-c4ee23bbbb5c3539d3887c5f0e3329b9 .rollover-icon {\n  font-size: 32px;\n  color: #ffffff;\n  min-width: 44px;\n  min-height: 44px;\n  line-height: 44px;\n  border-radius: 100px;\n  border-style: solid;\n  border-width: 0px;\n}\n.dt-icon-bg-on.shortcode-single-image-wrap.shortcode-single-image-c4ee23bbbb5c3539d3887c5f0e3329b9 .rollover-icon {\n  background: rgba(255,255,255,0.3);\n  box-shadow: none;\n}\n<\/style><div class=\"shortcode-single-image-wrap shortcode-single-image-c4ee23bbbb5c3539d3887c5f0e3329b9 alignnone fadeIn animate-element  enable-bg-rollover dt-icon-bg-off\" style=\"margin-top:0px; margin-bottom:0px; margin-left:0px; margin-right:0px; width:600px;\"><div class=\"shortcode-single-image\"><div class=\"fancy-media-wrap  layzr-bg\" style=\"\"><img fetchpriority=\"high\" decoding=\"async\" class=\"preload-me lazy-load aspect\" src=\"data:image\/svg+xml,%3Csvg%20xmlns%3D&#39;http%3A%2F%2Fwww.w3.org%2F2000%2Fsvg&#39;%20viewBox%3D&#39;0%200%20600%20400&#39;%2F%3E\" data-src=\"https:\/\/www.fosforoscienza.it\/wp-content\/uploads\/2021\/10\/Giochi_006-1-600x400.jpg\" data-srcset=\"https:\/\/www.fosforoscienza.it\/wp-content\/uploads\/2021\/10\/Giochi_006-1-600x400.jpg 600w, https:\/\/www.fosforoscienza.it\/wp-content\/uploads\/2021\/10\/Giochi_006-1.jpg 1200w\" loading=\"eager\" sizes=\"(max-width: 600px) 100vw, 600px\" width=\"600\" height=\"400\"  data-dt-location=\"https:\/\/www.fosforoscienza.it\/index.php\/cosa-facciamo\/progetti\/factory-lab\/giochi_006-1\/\" style=\"--ratio: 600 \/ 400;\" alt=\"\" \/><\/div><\/div><\/div>[\/vc_column][vc_column width=&#8221;1\/3&#8243;]<div id=\"ultimate-heading-989569f5d4ec98d6b\" class=\"uvc-heading ult-adjust-bottom-margin ultimate-heading-989569f5d4ec98d6b uvc-5618 accent-border-color\" data-hspacer=\"line_only\"  data-halign=\"left\" style=\"text-align:left\"><div class=\"uvc-main-heading ult-responsive\"  data-ultimate-target='.uvc-heading.ultimate-heading-989569f5d4ec98d6b h2'  data-responsive-json-new='{\"font-size\":\"desktop:26px;\",\"line-height\":\"desktop:40px;\"}' ><h2 style=\"font-weight:bold;margin-bottom:20px;\">Come si gioca<\/h2><\/div><div class=\"uvc-heading-spacer line_only\" style=\"topheight:5px;\"><span class=\"uvc-headings-line\" style=\"border-style:solid;border-bottom-width:5px;border-color:;width:200px;\"><\/span><\/div><\/div>[vc_column_text css=&#8221;.vc_custom_1635328951213{padding-top: 30px !important;}&#8221;]<b>Le regole del gioco<\/b> sono due e molto semplici:<\/p>\n<p>1.Si pu\u00f2 spostare solo il disco situato sulla sommit\u00e0 di una torre.<\/p>\n<p>2. Un disco pi\u00f9 grande non pu\u00f2 essere posato sopra un disco pi\u00f9 piccolo.<\/p>\n<p><b>Lo scopo<\/b> \u00e8 quello di spostare tutti i dischi su un&#8217;altra asta in modo che risultino ancora disposti nello <strong>stesso<\/strong> <strong>ordine<\/strong>.[\/vc_column_text][\/vc_column][vc_column width=&#8221;1\/3&#8243;]<div id=\"ultimate-heading-936669f5d4ec98dbf\" class=\"uvc-heading ult-adjust-bottom-margin ultimate-heading-936669f5d4ec98dbf uvc-2848 accent-border-color\" data-hspacer=\"line_only\"  data-halign=\"left\" style=\"text-align:left\"><div class=\"uvc-main-heading ult-responsive\"  data-ultimate-target='.uvc-heading.ultimate-heading-936669f5d4ec98dbf h2'  data-responsive-json-new='{\"font-size\":\"desktop:26px;\",\"line-height\":\"desktop:40px;\"}' ><h2 style=\"font-weight:bold;margin-bottom:20px;\">How to play<\/h2><\/div><div class=\"uvc-heading-spacer line_only\" style=\"topheight:5px;\"><span class=\"uvc-headings-line\" style=\"border-style:solid;border-bottom-width:5px;border-color:;width:200px;\"><\/span><\/div><\/div>[vc_column_text css=&#8221;.vc_custom_1635328905750{padding-top: 30px !important;}&#8221;]Only<strong> two simple rules<\/strong>:<\/p>\n<p>1.Only the disc located on the top of a tower can be moved.<\/p>\n<p>2. A larger disc cannot be placed on top of a smaller disc.<\/p>\n<p>The <strong>aim<\/strong> is to move all the discs to another shaft so that they are still arranged in the <strong>same<\/strong> <strong>order<\/strong>.[\/vc_column_text][\/vc_column][\/vc_row][vc_row css=&#8221;.vc_custom_1594638257488{padding-top: 70px !important;}&#8221;][vc_column width=&#8221;1\/3&#8243;]<div id=\"ultimate-heading-151669f5d4ec98df2\" class=\"uvc-heading ult-adjust-bottom-margin ultimate-heading-151669f5d4ec98df2 uvc-5216 accent-border-color\" data-hspacer=\"line_only\"  data-halign=\"left\" style=\"text-align:left\"><div class=\"uvc-main-heading ult-responsive\"  data-ultimate-target='.uvc-heading.ultimate-heading-151669f5d4ec98df2 h2'  data-responsive-json-new='{\"font-size\":\"desktop:40px;\",\"line-height\":\"desktop:46px;\"}' ><h2 style=\"font-weight:bold;margin-bottom:15px;\">La leggenda<\/h2><\/div><div class=\"uvc-heading-spacer line_only\" style=\"topheight:5px;\"><span class=\"uvc-headings-line\" style=\"border-style:solid;border-bottom-width:5px;border-color:;width:200px;\"><\/span><\/div><\/div>[vc_video link=&#8221;https:\/\/youtu.be\/xxxQoGbu92Q&#8221; css=&#8221;.vc_custom_1635328512146{padding-top: 30px !important;}&#8221;][\/vc_column][vc_column width=&#8221;1\/3&#8243;]<div id=\"ultimate-heading-618469f5d4ec98e36\" class=\"uvc-heading ult-adjust-bottom-margin ultimate-heading-618469f5d4ec98e36 uvc-9788 accent-border-color\" data-hspacer=\"line_only\"  data-halign=\"left\" style=\"text-align:left\"><div class=\"uvc-main-heading ult-responsive\"  data-ultimate-target='.uvc-heading.ultimate-heading-618469f5d4ec98e36 h2'  data-responsive-json-new='{\"font-size\":\"desktop:40px;\",\"line-height\":\"desktop:46px;\"}' ><h2 style=\"font-weight:bold;margin-bottom:15px;\">Un esempio<\/h2><\/div><div class=\"uvc-heading-spacer line_only\" style=\"topheight:5px;\"><span class=\"uvc-headings-line\" style=\"border-style:solid;border-bottom-width:5px;border-color:;width:200px;\"><\/span><\/div><\/div>[vc_video link=&#8221;https:\/\/youtu.be\/AmtuKqC74tE&#8221; css=&#8221;.vc_custom_1635328457093{padding-top: 30px !important;}&#8221;][\/vc_column][vc_column width=&#8221;1\/3&#8243;]<div id=\"ultimate-heading-550469f5d4ec98e67\" class=\"uvc-heading ult-adjust-bottom-margin ultimate-heading-550469f5d4ec98e67 uvc-2476 accent-border-color\" data-hspacer=\"line_only\"  data-halign=\"left\" style=\"text-align:left\"><div class=\"uvc-main-heading ult-responsive\"  data-ultimate-target='.uvc-heading.ultimate-heading-550469f5d4ec98e67 h2'  data-responsive-json-new='{\"font-size\":\"desktop:40px;\",\"line-height\":\"desktop:46px;\"}' ><h2 style=\"font-weight:bold;margin-bottom:15px;\">La Matematica<\/h2><\/div><div class=\"uvc-heading-spacer line_only\" style=\"topheight:5px;\"><span class=\"uvc-headings-line\" style=\"border-style:solid;border-bottom-width:5px;border-color:;width:200px;\"><\/span><\/div><\/div>[vc_video link=&#8221;https:\/\/youtu.be\/_zHWsYzgIdc&#8221; css=&#8221;.vc_custom_1635328466650{padding-top: 30px !important;}&#8221;][\/vc_column][\/vc_row][vc_row css=&#8221;.vc_custom_1635160901065{padding-top: 30px !important;padding-bottom: 20px !important;}&#8221;][vc_column width=&#8221;1\/3&#8243;]<div id=\"ultimate-heading-326969f5d4ec98e93\" class=\"uvc-heading ult-adjust-bottom-margin ultimate-heading-326969f5d4ec98e93 uvc-8732 accent-border-color\" data-hspacer=\"line_only\"  data-halign=\"left\" style=\"text-align:left\"><div class=\"uvc-main-heading ult-responsive\"  data-ultimate-target='.uvc-heading.ultimate-heading-326969f5d4ec98e93 h2'  data-responsive-json-new='{\"font-size\":\"desktop:40px;\",\"line-height\":\"desktop:46px;\"}' ><h2 style=\"font-weight:bold;margin-bottom:15px;\">Cosa fare:<\/h2><\/div><div class=\"uvc-heading-spacer line_only\" style=\"topheight:5px;\"><span class=\"uvc-headings-line\" style=\"border-style:solid;border-bottom-width:5px;border-color:;width:200px;\"><\/span><\/div><\/div>[vc_column_text css=&#8221;.vc_custom_1635161161887{padding-top: 20px !important;}&#8221;]L&#8217;abilit\u00e0 del <strong>giocatore<\/strong> consiste nel compiere l&#8217;operazione richiesta nel <strong>minimo<\/strong> <strong>numero<\/strong> di mosse <strong>possibile<\/strong>.<\/p>\n<p>Provare a giocare con 1, con 2, con 3 dischi e scrivere in ciascun caso qual \u00e8 il <strong>numero<\/strong> <strong>minimo<\/strong> di mosse da compiere.<br \/>\nPoi aumentare ancora il numero dei dischi e annotare in una tabella i risultati ottenuti.<br \/>\nCercare anche di descrivere la <strong>strategia<\/strong> che si deve seguire di volta in volta per ottenere il <strong>numero<\/strong> <strong>minimo<\/strong> di mosse.[\/vc_column_text][\/vc_column][vc_column width=&#8221;1\/3&#8243;]<div id=\"ultimate-heading-707669f5d4ec98ebd\" class=\"uvc-heading ult-adjust-bottom-margin ultimate-heading-707669f5d4ec98ebd uvc-4444 accent-border-color\" data-hspacer=\"line_only\"  data-halign=\"left\" style=\"text-align:left\"><div class=\"uvc-main-heading ult-responsive\"  data-ultimate-target='.uvc-heading.ultimate-heading-707669f5d4ec98ebd h2'  data-responsive-json-new='{\"font-size\":\"desktop:40px;\",\"line-height\":\"desktop:46px;\"}' ><h2 style=\"font-weight:bold;margin-bottom:15px;\">How to start:<\/h2><\/div><div class=\"uvc-heading-spacer line_only\" style=\"topheight:5px;\"><span class=\"uvc-headings-line\" style=\"border-style:solid;border-bottom-width:5px;border-color:;width:200px;\"><\/span><\/div><\/div>[vc_column_text css=&#8221;.vc_custom_1635161207449{padding-top: 20px !important;}&#8221;]The player&#8217;s skill consists in carrying out the required operation in the <strong>minimum<\/strong> <strong>number<\/strong> of <strong>possible<\/strong>\u00a0<strong>moves<\/strong>.<br \/>\nTry to play with 1, with 2, with 3 discs and write in each case what is the <strong>minimum<\/strong> <strong>number<\/strong> of moves to make.<br \/>\nThen increase the number of discs again and note the results obtained in a table.<br \/>\nAlso try to describe the <strong>strategy<\/strong> you have to follow from time to time to get the <strong>minimum<\/strong> <strong>number<\/strong> of moves.[\/vc_column_text][\/vc_column][vc_column width=&#8221;1\/3&#8243;]<style type=\"text\/css\" data-type=\"the7_shortcodes-inline-css\">.shortcode-single-image-wrap.shortcode-single-image-b585589a7da066b4f028855716d90e6f.enable-bg-rollover .rollover i,\n.shortcode-single-image-wrap.shortcode-single-image-b585589a7da066b4f028855716d90e6f.enable-bg-rollover .rollover-video i {\n  background: ;\n  background: -webkit-linear-gradient();\n  background: linear-gradient();\n}\n.shortcode-single-image-wrap.shortcode-single-image-b585589a7da066b4f028855716d90e6f .rollover-icon {\n  font-size: 32px;\n  color: #ffffff;\n  min-width: 44px;\n  min-height: 44px;\n  line-height: 44px;\n  border-radius: 100px;\n  border-style: solid;\n  border-width: 0px;\n}\n.dt-icon-bg-on.shortcode-single-image-wrap.shortcode-single-image-b585589a7da066b4f028855716d90e6f .rollover-icon {\n  background: rgba(255,255,255,0.3);\n  box-shadow: none;\n}\n<\/style><div class=\"shortcode-single-image-wrap shortcode-single-image-b585589a7da066b4f028855716d90e6f alignnone  enable-bg-rollover dt-icon-bg-off\" style=\"margin-top:0px; margin-bottom:0px; margin-left:0px; margin-right:0px; width:400px;\"><div class=\"shortcode-single-image\"><div class=\"fancy-media-wrap  layzr-bg\" style=\"\"><img decoding=\"async\" class=\"preload-me lazy-load aspect\" src=\"data:image\/svg+xml,%3Csvg%20xmlns%3D&#39;http%3A%2F%2Fwww.w3.org%2F2000%2Fsvg&#39;%20viewBox%3D&#39;0%200%20304%20158&#39;%2F%3E\" data-src=\"https:\/\/www.fosforoscienza.it\/wp-content\/uploads\/2021\/10\/towerofhanoi1.jpg\" data-srcset=\"https:\/\/www.fosforoscienza.it\/wp-content\/uploads\/2021\/10\/towerofhanoi1.jpg 304w\" loading=\"eager\" sizes=\"(max-width: 304px) 100vw, 304px\" width=\"304\" height=\"158\"  data-dt-location=\"https:\/\/www.fosforoscienza.it\/index.php\/le-torri-di-hanoi\/towerofhanoi1\/\" style=\"--ratio: 304 \/ 158;\" alt=\"\" \/><\/div><\/div><\/div>[\/vc_column][\/vc_row][vc_row css=&#8221;.vc_custom_1635328974196{padding-top: 85px !important;}&#8221;][vc_column][\/vc_column][\/vc_row]<\/p>\n<\/div>","protected":false},"excerpt":{"rendered":"<p>[vc_row type=&#8221;vc_default&#8221; css=&#8221;.vc_custom_1476008791393{padding-top: 70px !important;padding-bottom: 25px !important;}&#8221;][vc_column width=&#8221;1\/3&#8243;][\/vc_column][vc_column width=&#8221;1\/3&#8243;][vc_column_text css=&#8221;.vc_custom_1635328951213{padding-top: 30px !important;}&#8221;]Le regole del gioco sono due e molto semplici: 1.Si pu\u00f2 spostare solo il disco situato sulla sommit\u00e0 di una torre. 2. Un disco pi\u00f9 grande non pu\u00f2 essere posato sopra un disco pi\u00f9 piccolo. Lo scopo \u00e8 quello di spostare tutti i dischi&hellip;<\/p>\n","protected":false},"author":1,"featured_media":0,"parent":0,"menu_order":0,"comment_status":"closed","ping_status":"closed","template":"","meta":{"_monsterinsights_skip_tracking":false,"_monsterinsights_sitenote_active":false,"_monsterinsights_sitenote_note":"","_monsterinsights_sitenote_category":0,"footnotes":""},"class_list":["post-6872","page","type-page","status-publish","hentry","description-off"],"_links":{"self":[{"href":"https:\/\/www.fosforoscienza.it\/index.php\/wp-json\/wp\/v2\/pages\/6872","targetHints":{"allow":["GET"]}}],"collection":[{"href":"https:\/\/www.fosforoscienza.it\/index.php\/wp-json\/wp\/v2\/pages"}],"about":[{"href":"https:\/\/www.fosforoscienza.it\/index.php\/wp-json\/wp\/v2\/types\/page"}],"author":[{"embeddable":true,"href":"https:\/\/www.fosforoscienza.it\/index.php\/wp-json\/wp\/v2\/users\/1"}],"replies":[{"embeddable":true,"href":"https:\/\/www.fosforoscienza.it\/index.php\/wp-json\/wp\/v2\/comments?post=6872"}],"version-history":[{"count":12,"href":"https:\/\/www.fosforoscienza.it\/index.php\/wp-json\/wp\/v2\/pages\/6872\/revisions"}],"predecessor-version":[{"id":6983,"href":"https:\/\/www.fosforoscienza.it\/index.php\/wp-json\/wp\/v2\/pages\/6872\/revisions\/6983"}],"wp:attachment":[{"href":"https:\/\/www.fosforoscienza.it\/index.php\/wp-json\/wp\/v2\/media?parent=6872"}],"curies":[{"name":"wp","href":"https:\/\/api.w.org\/{rel}","templated":true}]}}